{"id":1443,"date":"2020-12-01T12:19:14","date_gmt":"2020-12-01T09:19:14","guid":{"rendered":"http:\/\/www.grafas.org\/demo05\/?page_id=1443"},"modified":"2023-03-29T21:01:04","modified_gmt":"2023-03-29T21:01:04","slug":"about","status":"publish","type":"page","link":"https:\/\/wp-mason.com\/es\/about\/","title":{"rendered":"Sobre Nosotros"},"content":{"rendered":"<div data-elementor-type=\"wp-page\" data-elementor-id=\"1443\" class=\"elementor elementor-1443\" data-elementor-settings=\"[]\">\n\t\t\t\t\t\t<div class=\"elementor-inner\">\n\t\t\t\t\t\t\t<div class=\"elementor-section-wrap\">\n\t\t\t\t\t\t\t<section data-particle_enable=\"false\" class=\"elementor-section elementor-top-section elementor-element elementor-element-5cadc1e elementor-section-boxed elementor-section-height-default elementor-section-height-default\" data-id=\"5cadc1e\" data-element_type=\"section\" data-settings=\"{&quot;background_background&quot;:&quot;classic&quot;}\">\n\t\t\t\t\t\t\t<div class=\"elementor-background-overlay\"><\/div>\n\t\t\t\t\t\t\t<div class=\"elementor-container elementor-column-gap-default\">\n\t\t\t\t\t\t\t<div class=\"elementor-row\">\n\t\t\t\t\t<div class=\"elementor-column elementor-col-50 elementor-top-column elementor-element elementor-element-8bbd047\" data-id=\"8bbd047\" data-element_type=\"column\">\n\t\t\t<div class=\"elementor-column-wrap elementor-element-populated\">\n\t\t\t\t\t\t\t<div class=\"elementor-widget-wrap\">\n\t\t\t\t\t\t<div class=\"elementor-element elementor-element-156a04d elementor-widget elementor-widget-heading\" data-id=\"156a04d\" data-element_type=\"widget\" data-widget_type=\"heading.default\">\n\t\t\t\t<div class=\"elementor-widget-container\">\n\t\t\t<h1 class=\"elementor-heading-title elementor-size-default\">Sobre Nosotros<\/h1>\t\t<\/div>\n\t\t\t\t<\/div>\n\t\t\t\t\t\t<\/div>\n\t\t\t\t\t<\/div>\n\t\t<\/div>\n\t\t\t\t<div class=\"elementor-column elementor-col-50 elementor-top-column elementor-element elementor-element-9e371d3 elementor-hidden-tablet elementor-hidden-phone\" data-id=\"9e371d3\" data-element_type=\"column\">\n\t\t\t<div class=\"elementor-column-wrap\">\n\t\t\t\t\t\t\t<div class=\"elementor-widget-wrap\">\n\t\t\t\t\t\t\t\t<\/div>\n\t\t\t\t\t<\/div>\n\t\t<\/div>\n\t\t\t\t\t\t\t\t<\/div>\n\t\t\t\t\t<\/div>\n\t\t<\/section>\n\t\t\t\t<section data-particle_enable=\"false\" class=\"elementor-section elementor-top-section elementor-element elementor-element-93a58b2 elementor-section-boxed elementor-section-height-default elementor-section-height-default\" data-id=\"93a58b2\" data-element_type=\"section\">\n\t\t\t\t\t\t<div class=\"elementor-container elementor-column-gap-default\">\n\t\t\t\t\t\t\t<div class=\"elementor-row\">\n\t\t\t\t\t<div class=\"elementor-column elementor-col-50 elementor-top-column elementor-element elementor-element-ab63f84 elementor-invisible\" data-id=\"ab63f84\" data-element_type=\"column\" data-settings=\"{&quot;animation&quot;:&quot;fadeIn&quot;,&quot;animation_delay&quot;:300}\">\n\t\t\t<div class=\"elementor-column-wrap elementor-element-populated\">\n\t\t\t\t\t\t\t<div class=\"elementor-widget-wrap\">\n\t\t\t\t\t\t<div class=\"elementor-element elementor-element-aaf0bd6 elementor-widget elementor-widget-heading\" data-id=\"aaf0bd6\" data-element_type=\"widget\" data-widget_type=\"heading.default\">\n\t\t\t\t<div class=\"elementor-widget-container\">\n\t\t\t<h5 class=\"elementor-heading-title elementor-size-default\">Nuestra Historia<\/h5>\t\t<\/div>\n\t\t\t\t<\/div>\n\t\t\t\t<div class=\"elementor-element elementor-element-1ee1dcf elementor-widget elementor-widget-heading\" data-id=\"1ee1dcf\" data-element_type=\"widget\" data-widget_type=\"heading.default\">\n\t\t\t\t<div class=\"elementor-widget-container\">\n\t\t\t<h3 class=\"elementor-heading-title elementor-size-default\">Nos enfocamos en construir sitios Seguros, Intuitivos y Din\u00e1micos<\/h3>\t\t<\/div>\n\t\t\t\t<\/div>\n\t\t\t\t<div class=\"elementor-element elementor-element-3c45338 elementor-widget elementor-widget-text-editor\" data-id=\"3c45338\" data-element_type=\"widget\" data-widget_type=\"text-editor.default\">\n\t\t\t\t<div class=\"elementor-widget-container\">\n\t\t\t\t\t<div class=\"elementor-text-editor elementor-clearfix\"><p>Desde hace m\u00e1s de 15 a\u00f1os, WP-Mason es una empresa que brinda soluciones digitales dise\u00f1adas para satisfacer las necesidades de cada uno de nuestros clientes. Los principales servicios que brindamos son: Desarrollo de P\u00e1ginas Web, aplicaciones online, marketing digital, dise\u00f1o gr\u00e1fico y comunicaciones integrales.<\/p><p>En WP-Mason nos dedicamos a tomar lo mejor de las herramientas digitales, y las adecuamos seg\u00fan las necesidades de tu negocio.<\/p><\/div>\n\t\t\t\t<\/div>\n\t\t\t\t<\/div>\n\t\t\t\t\t\t<\/div>\n\t\t\t\t\t<\/div>\n\t\t<\/div>\n\t\t\t\t<div class=\"elementor-column elementor-col-50 elementor-top-column elementor-element elementor-element-3674554\" data-id=\"3674554\" data-element_type=\"column\">\n\t\t\t<div class=\"elementor-column-wrap elementor-element-populated\">\n\t\t\t\t\t\t\t<div class=\"elementor-widget-wrap\">\n\t\t\t\t\t\t<div class=\"elementor-element elementor-element-cc18610 elementor-widget elementor-widget-image-carousel\" data-id=\"cc18610\" data-element_type=\"widget\" data-settings=\"{&quot;navigation&quot;:&quot;none&quot;,&quot;slides_to_show&quot;:&quot;1&quot;,&quot;autoplay_speed&quot;:3000,&quot;effect&quot;:&quot;fade&quot;,&quot;speed&quot;:600,&quot;autoplay&quot;:&quot;yes&quot;,&quot;pause_on_hover&quot;:&quot;yes&quot;,&quot;pause_on_interaction&quot;:&quot;yes&quot;,&quot;infinite&quot;:&quot;yes&quot;}\" data-widget_type=\"image-carousel.default\">\n\t\t\t\t<div class=\"elementor-widget-container\">\n\t\t\t\t\t<div class=\"elementor-image-carousel-wrapper swiper-container\" dir=\"ltr\">\n\t\t\t<div class=\"elementor-image-carousel swiper-wrapper\">\n\t\t\t\t<div class=\"swiper-slide\"><figure class=\"swiper-slide-inner\"><img class=\"swiper-slide-image\" src=\"https:\/\/wp-mason.com\/wp-content\/uploads\/2020\/11\/pexels-fauxels-3184655.jpg\" alt=\"pexels-fauxels-3184655\" \/><\/figure><\/div><div class=\"swiper-slide\"><figure class=\"swiper-slide-inner\"><img class=\"swiper-slide-image\" src=\"https:\/\/wp-mason.com\/wp-content\/uploads\/2020\/11\/pexels-fauxels-3184643.jpg\" alt=\"pexels-fauxels-3184643\" \/><\/figure><\/div><div class=\"swiper-slide\"><figure class=\"swiper-slide-inner\"><img class=\"swiper-slide-image\" src=\"https:\/\/wp-mason.com\/wp-content\/uploads\/2020\/11\/pexels-fauxels-3184651.jpg\" alt=\"pexels-fauxels-3184651\" \/><\/figure><\/div><div class=\"swiper-slide\"><figure class=\"swiper-slide-inner\"><img class=\"swiper-slide-image\" src=\"https:\/\/wp-mason.com\/wp-content\/uploads\/2020\/11\/pexels-fauxels-3184657.jpg\" alt=\"pexels-fauxels-3184657\" \/><\/figure><\/div>\t\t\t<\/div>\n\t\t\t\t\t\t\t\t\t\t\t\t\t\t\t\t<\/div>\n\t\t\t\t<\/div>\n\t\t\t\t<\/div>\n\t\t\t\t\t\t<\/div>\n\t\t\t\t\t<\/div>\n\t\t<\/div>\n\t\t\t\t\t\t\t\t<\/div>\n\t\t\t\t\t<\/div>\n\t\t<\/section>\n\t\t\t\t<section data-particle_enable=\"false\" class=\"elementor-section elementor-top-section elementor-element elementor-element-d55a11f elementor-reverse-tablet elementor-reverse-mobile elementor-section-boxed elementor-section-height-default elementor-section-height-default\" data-id=\"d55a11f\" data-element_type=\"section\">\n\t\t\t\t\t\t<div class=\"elementor-container elementor-column-gap-default\">\n\t\t\t\t\t\t\t<div class=\"elementor-row\">\n\t\t\t\t\t<div class=\"elementor-column elementor-col-50 elementor-top-column elementor-element elementor-element-25e72ac\" data-id=\"25e72ac\" data-element_type=\"column\">\n\t\t\t<div class=\"elementor-column-wrap elementor-element-populated\">\n\t\t\t\t\t\t\t<div class=\"elementor-widget-wrap\">\n\t\t\t\t\t\t<div class=\"elementor-element elementor-element-de7c0bc elementor-widget elementor-widget-image\" data-id=\"de7c0bc\" data-element_type=\"widget\" data-widget_type=\"image.default\">\n\t\t\t\t<div class=\"elementor-widget-container\">\n\t\t\t\t\t<div class=\"elementor-image\">\n\t\t\t\t\t\t\t\t\t\t<img width=\"900\" height=\"1205\" src=\"https:\/\/wp-mason.com\/wp-content\/uploads\/2020\/11\/pexels-fauxels-3184359.jpg\" class=\"attachment-full size-full\" alt=\"\" loading=\"lazy\" srcset=\"https:\/\/wp-mason.com\/wp-content\/uploads\/2020\/11\/pexels-fauxels-3184359.jpg 900w, https:\/\/wp-mason.com\/wp-content\/uploads\/2020\/11\/pexels-fauxels-3184359-224x300.jpg 224w, https:\/\/wp-mason.com\/wp-content\/uploads\/2020\/11\/pexels-fauxels-3184359-765x1024.jpg 765w, https:\/\/wp-mason.com\/wp-content\/uploads\/2020\/11\/pexels-fauxels-3184359-768x1028.jpg 768w\" sizes=\"(max-width: 900px) 100vw, 900px\" \/>\t\t\t\t\t\t\t\t\t\t\t<\/div>\n\t\t\t\t<\/div>\n\t\t\t\t<\/div>\n\t\t\t\t\t\t<\/div>\n\t\t\t\t\t<\/div>\n\t\t<\/div>\n\t\t\t\t<div class=\"elementor-column elementor-col-50 elementor-top-column elementor-element elementor-element-84c5d1a elementor-invisible\" data-id=\"84c5d1a\" data-element_type=\"column\" data-settings=\"{&quot;animation&quot;:&quot;fadeIn&quot;,&quot;animation_delay&quot;:300}\">\n\t\t\t<div class=\"elementor-column-wrap elementor-element-populated\">\n\t\t\t\t\t\t\t<div class=\"elementor-widget-wrap\">\n\t\t\t\t\t\t<div class=\"elementor-element elementor-element-b677818 elementor-widget elementor-widget-heading\" data-id=\"b677818\" data-element_type=\"widget\" data-widget_type=\"heading.default\">\n\t\t\t\t<div class=\"elementor-widget-container\">\n\t\t\t<h5 class=\"elementor-heading-title elementor-size-default\">Nuestro Enfoque<\/h5>\t\t<\/div>\n\t\t\t\t<\/div>\n\t\t\t\t<div class=\"elementor-element elementor-element-ef05dc6 elementor-widget elementor-widget-heading\" data-id=\"ef05dc6\" data-element_type=\"widget\" data-widget_type=\"heading.default\">\n\t\t\t\t<div class=\"elementor-widget-container\">\n\t\t\t<h3 class=\"elementor-heading-title elementor-size-default\">Sabemos que el usuario est\u00e1 en el centro de todo negocio. <\/h3>\t\t<\/div>\n\t\t\t\t<\/div>\n\t\t\t\t<div class=\"elementor-element elementor-element-72aca07 elementor-widget elementor-widget-text-editor\" data-id=\"72aca07\" data-element_type=\"widget\" data-widget_type=\"text-editor.default\">\n\t\t\t\t<div class=\"elementor-widget-container\">\n\t\t\t\t\t<div class=\"elementor-text-editor elementor-clearfix\"><p>Para lograr esto, nos apoyamos en nuestro equipo de trabajo integrado por profesionales en distintas disciplinas y con amplia experiencia, nos permite cumplir con las expectativas de nuestros clientes y mucho m\u00e1s.<\/p><\/div>\n\t\t\t\t<\/div>\n\t\t\t\t<\/div>\n\t\t\t\t\t\t<\/div>\n\t\t\t\t\t<\/div>\n\t\t<\/div>\n\t\t\t\t\t\t\t\t<\/div>\n\t\t\t\t\t<\/div>\n\t\t<\/section>\n\t\t\t\t\t\t<\/div>\n\t\t\t\t\t\t<\/div>\n\t\t\t\t\t<\/div>","protected":false},"excerpt":{"rendered":"<p>About us Our Story We Focus on building Strong, Intuitive and Dynamic Sites. For more than 15 years, WP-Mason has been a company that provides digital solutions designed to meet the needs of each of our clients. The main services we provide are: Web page development, online applications, digital marketing, graphic design and comprehensive communications&#8230;.<\/p>","protected":false},"author":1,"featured_media":0,"parent":0,"menu_order":0,"comment_status":"closed","ping_status":"closed","template":"","meta":{"_kad_post_transparent":"","_kad_post_title":"hide","_kad_post_layout":"fullwidth","_kad_post_sidebar_id":"","_kad_post_content_style":"unboxed","_kad_post_vertical_padding":"hide","_kad_post_feature":"hide","_kad_post_feature_position":"","_kad_post_header":false,"_kad_post_footer":false},"yoast_head":"<!-- This site is optimized with the Yoast SEO plugin v20.3 - https:\/\/yoast.com\/wordpress\/plugins\/seo\/ -->\n<title>About - WP-Mason.<\/title>\n<meta name=\"robots\" content=\"index, follow, max-snippet:-1, max-image-preview:large, max-video-preview:-1\" \/>\n<link rel=\"canonical\" href=\"https:\/\/wp-mason.com\/es\/about\/\" \/>\n<meta property=\"og:locale\" content=\"es_ES\" \/>\n<meta property=\"og:type\" content=\"article\" \/>\n<meta property=\"og:title\" content=\"About - WP-Mason.\" \/>\n<meta property=\"og:description\" content=\"About us Our Story We Focus on building Strong, Intuitive and Dynamic Sites. For more than 15 years, WP-Mason has been a company that provides digital solutions designed to meet the needs of each of our clients. The main services we provide are: Web page development, online applications, digital marketing, graphic design and comprehensive communications....\" \/>\n<meta property=\"og:url\" content=\"https:\/\/wp-mason.com\/es\/about\/\" \/>\n<meta property=\"og:site_name\" content=\"WP-Mason.\" \/>\n<meta property=\"article:modified_time\" content=\"2023-03-29T21:01:04+00:00\" \/>\n<meta property=\"og:image\" content=\"https:\/\/wp-mason.com\/wp-content\/uploads\/2020\/11\/pexels-fauxels-3184655.jpg\" \/>\n<meta name=\"twitter:card\" content=\"summary_large_image\" \/>\n<meta name=\"twitter:label1\" content=\"Tiempo de lectura\" \/>\n\t<meta name=\"twitter:data1\" content=\"4 minutos\" \/>\n<script type=\"application\/ld+json\" class=\"yoast-schema-graph\">{\"@context\":\"https:\/\/schema.org\",\"@graph\":[{\"@type\":\"WebPage\",\"@id\":\"https:\/\/wp-mason.com\/about\/\",\"url\":\"https:\/\/wp-mason.com\/about\/\",\"name\":\"About - WP-Mason.\",\"isPartOf\":{\"@id\":\"https:\/\/wp-mason.com\/en\/#website\"},\"datePublished\":\"2020-12-01T09:19:14+00:00\",\"dateModified\":\"2023-03-29T21:01:04+00:00\",\"breadcrumb\":{\"@id\":\"https:\/\/wp-mason.com\/about\/#breadcrumb\"},\"inLanguage\":\"es\",\"potentialAction\":[{\"@type\":\"ReadAction\",\"target\":[\"https:\/\/wp-mason.com\/about\/\"]}]},{\"@type\":\"BreadcrumbList\",\"@id\":\"https:\/\/wp-mason.com\/about\/#breadcrumb\",\"itemListElement\":[{\"@type\":\"ListItem\",\"position\":1,\"name\":\"Home\",\"item\":\"https:\/\/wp-mason.com\/en\/\"},{\"@type\":\"ListItem\",\"position\":2,\"name\":\"About\"}]},{\"@type\":\"WebSite\",\"@id\":\"https:\/\/wp-mason.com\/en\/#website\",\"url\":\"https:\/\/wp-mason.com\/en\/\",\"name\":\"WP-Mason.\",\"description\":\"Digital Cosntruction\",\"publisher\":{\"@id\":\"https:\/\/wp-mason.com\/en\/#organization\"},\"potentialAction\":[{\"@type\":\"SearchAction\",\"target\":{\"@type\":\"EntryPoint\",\"urlTemplate\":\"https:\/\/wp-mason.com\/en\/?s={search_term_string}\"},\"query-input\":\"required name=search_term_string\"}],\"inLanguage\":\"es\"},{\"@type\":\"Organization\",\"@id\":\"https:\/\/wp-mason.com\/en\/#organization\",\"name\":\"WP-Mason.\",\"url\":\"https:\/\/wp-mason.com\/en\/\",\"logo\":{\"@type\":\"ImageObject\",\"inLanguage\":\"es\",\"@id\":\"https:\/\/wp-mason.com\/en\/#\/schema\/logo\/image\/\",\"url\":\"https:\/\/wp-mason.com\/wp-content\/uploads\/2020\/12\/logo01.png\",\"contentUrl\":\"https:\/\/wp-mason.com\/wp-content\/uploads\/2020\/12\/logo01.png\",\"width\":60,\"height\":106,\"caption\":\"WP-Mason.\"},\"image\":{\"@id\":\"https:\/\/wp-mason.com\/en\/#\/schema\/logo\/image\/\"}}]}<\/script>\n<!-- \/ Yoast SEO plugin. -->","yoast_head_json":{"title":"About - WP-Mason.","robots":{"index":"index","follow":"follow","max-snippet":"max-snippet:-1","max-image-preview":"max-image-preview:large","max-video-preview":"max-video-preview:-1"},"canonical":"https:\/\/wp-mason.com\/es\/about\/","og_locale":"es_ES","og_type":"article","og_title":"About - WP-Mason.","og_description":"About us Our Story We Focus on building Strong, Intuitive and Dynamic Sites. For more than 15 years, WP-Mason has been a company that provides digital solutions designed to meet the needs of each of our clients. The main services we provide are: Web page development, online applications, digital marketing, graphic design and comprehensive communications....","og_url":"https:\/\/wp-mason.com\/es\/about\/","og_site_name":"WP-Mason.","article_modified_time":"2023-03-29T21:01:04+00:00","og_image":[{"url":"https:\/\/wp-mason.com\/wp-content\/uploads\/2020\/11\/pexels-fauxels-3184655.jpg"}],"twitter_card":"summary_large_image","twitter_misc":{"Tiempo de lectura":"4 minutos"},"schema":{"@context":"https:\/\/schema.org","@graph":[{"@type":"WebPage","@id":"https:\/\/wp-mason.com\/about\/","url":"https:\/\/wp-mason.com\/about\/","name":"About - WP-Mason.","isPartOf":{"@id":"https:\/\/wp-mason.com\/en\/#website"},"datePublished":"2020-12-01T09:19:14+00:00","dateModified":"2023-03-29T21:01:04+00:00","breadcrumb":{"@id":"https:\/\/wp-mason.com\/about\/#breadcrumb"},"inLanguage":"es","potentialAction":[{"@type":"ReadAction","target":["https:\/\/wp-mason.com\/about\/"]}]},{"@type":"BreadcrumbList","@id":"https:\/\/wp-mason.com\/about\/#breadcrumb","itemListElement":[{"@type":"ListItem","position":1,"name":"Home","item":"https:\/\/wp-mason.com\/en\/"},{"@type":"ListItem","position":2,"name":"About"}]},{"@type":"WebSite","@id":"https:\/\/wp-mason.com\/en\/#website","url":"https:\/\/wp-mason.com\/en\/","name":"WP-Mason.","description":"Digital Cosntruction","publisher":{"@id":"https:\/\/wp-mason.com\/en\/#organization"},"potentialAction":[{"@type":"SearchAction","target":{"@type":"EntryPoint","urlTemplate":"https:\/\/wp-mason.com\/en\/?s={search_term_string}"},"query-input":"required name=search_term_string"}],"inLanguage":"es"},{"@type":"Organization","@id":"https:\/\/wp-mason.com\/en\/#organization","name":"WP-Mason.","url":"https:\/\/wp-mason.com\/en\/","logo":{"@type":"ImageObject","inLanguage":"es","@id":"https:\/\/wp-mason.com\/en\/#\/schema\/logo\/image\/","url":"https:\/\/wp-mason.com\/wp-content\/uploads\/2020\/12\/logo01.png","contentUrl":"https:\/\/wp-mason.com\/wp-content\/uploads\/2020\/12\/logo01.png","width":60,"height":106,"caption":"WP-Mason."},"image":{"@id":"https:\/\/wp-mason.com\/en\/#\/schema\/logo\/image\/"}}]}},"_links":{"self":[{"href":"https:\/\/wp-mason.com\/es\/wp-json\/wp\/v2\/pages\/1443"}],"collection":[{"href":"https:\/\/wp-mason.com\/es\/wp-json\/wp\/v2\/pages"}],"about":[{"href":"https:\/\/wp-mason.com\/es\/wp-json\/wp\/v2\/types\/page"}],"author":[{"embeddable":true,"href":"https:\/\/wp-mason.com\/es\/wp-json\/wp\/v2\/users\/1"}],"replies":[{"embeddable":true,"href":"https:\/\/wp-mason.com\/es\/wp-json\/wp\/v2\/comments?post=1443"}],"version-history":[{"count":37,"href":"https:\/\/wp-mason.com\/es\/wp-json\/wp\/v2\/pages\/1443\/revisions"}],"predecessor-version":[{"id":3416,"href":"https:\/\/wp-mason.com\/es\/wp-json\/wp\/v2\/pages\/1443\/revisions\/3416"}],"wp:attachment":[{"href":"https:\/\/wp-mason.com\/es\/wp-json\/wp\/v2\/media?parent=1443"}],"curies":[{"name":"wp","href":"https:\/\/api.w.org\/{rel}","templated":true}]}}